{"id":1933,"date":"2020-12-01T12:38:26","date_gmt":"2020-12-01T11:38:26","guid":{"rendered":"https:\/\/dev.galeriedulendemain.com\/mentions-legales\/"},"modified":"2021-02-12T10:44:14","modified_gmt":"2021-02-12T09:44:14","slug":"legal-notices","status":"publish","type":"page","link":"https:\/\/dev.galeriedulendemain.com\/en\/legal-notices\/","title":{"rendered":"Legal notices"},"content":{"rendered":"[vc_row type=&#8221;in_container&#8221; full_screen_row_position=&#8221;middle&#8221; column_margin=&#8221;default&#8221; column_direction=&#8221;default&#8221; column_direction_tablet=&#8221;default&#8221; column_direction_phone=&#8221;default&#8221; scene_position=&#8221;center&#8221; text_color=&#8221;dark&#8221; text_align=&#8221;left&#8221; row_border_radius=&#8221;none&#8221; row_border_radius_applies=&#8221;bg&#8221; overlay_strength=&#8221;0.3&#8243; gradient_direction=&#8221;left_to_right&#8221; shape_divider_position=&#8221;bottom&#8221; bg_image_animation=&#8221;none&#8221;][vc_column column_padding=&#8221;no-extra-padding&#8221; column_padding_tablet=&#8221;inherit&#8221; column_padding_phone=&#8221;inherit&#8221; column_padding_position=&#8221;all&#8221; background_color_opacity=&#8221;1&#8243; background_hover_color_opacity=&#8221;1&#8243; column_shadow=&#8221;none&#8221; column_border_radius=&#8221;none&#8221; column_link_target=&#8221;_self&#8221; gradient_direction=&#8221;left_to_right&#8221; overlay_strength=&#8221;0.3&#8243; width=&#8221;1\/5&#8243; tablet_width_inherit=&#8221;default&#8221; tablet_text_alignment=&#8221;default&#8221; phone_text_alignment=&#8221;default&#8221; column_border_width=&#8221;none&#8221; column_border_style=&#8221;solid&#8221; bg_image_animation=&#8221;none&#8221;][\/vc_column][vc_column column_padding=&#8221;no-extra-padding&#8221; column_padding_tablet=&#8221;inherit&#8221; column_padding_phone=&#8221;inherit&#8221; column_padding_position=&#8221;all&#8221; background_color_opacity=&#8221;1&#8243; background_hover_color_opacity=&#8221;1&#8243; column_shadow=&#8221;none&#8221; column_border_radius=&#8221;none&#8221; column_link_target=&#8221;_self&#8221; gradient_direction=&#8221;left_to_right&#8221; overlay_strength=&#8221;0.3&#8243; width=&#8221;3\/5&#8243; tablet_width_inherit=&#8221;default&#8221; tablet_text_alignment=&#8221;default&#8221; phone_text_alignment=&#8221;default&#8221; column_border_width=&#8221;none&#8221; column_border_style=&#8221;solid&#8221; bg_image_animation=&#8221;none&#8221;][vc_column_text css=&#8221;.vc_custom_1612268834835{margin-bottom: 20px !important;}&#8221;]<strong>Cr\u00e9dits du site<br \/>\n<\/strong>D\u00e9veloppement, r\u00e9alisation : <a title=\"D\u00e9veloppeur Freelance Paris\" href=\"https:\/\/www.florianperrier.com\/\">Florian Perrier<\/a><br \/>\nDirection artistique et projet : <a href=\"http:\/\/studio.katiamonaci.com\/\">Katia Monaci<\/a><br \/>\nH\u00e9berg\u00e9 par OVH<br \/>\nPropuls\u00e9 par WordPress<\/p>\n<p class=\"p1\"><strong>Ce site est \u00e9dit\u00e9 par la Galerie du Lendemain<\/strong><br \/>\n107-109 rue Quincampoix 75003 Paris, France<br \/>\n<a href=\"mailto:contact@galeriedulendemain.com\">contact@galeriedulendemain.com<\/a><\/p>\n<p>Le contenu du pr\u00e9sent site est prot\u00e9g\u00e9 par les lois fran\u00e7aises en vigueur sur la propri\u00e9t\u00e9 intellectuelle ainsi que par les trait\u00e9s et accords internationaux comportant des dispositions relatives \u00e0 la protection des droits d\u2019auteur. L\u2019ensemble des \u00e9l\u00e9ments le composant tels que, \u00e0 titre indicatif, le code source, la d\u00e9nomination, le logo, les labels, les images, les documents t\u00e9l\u00e9chargeables et tout autre document sont la propri\u00e9t\u00e9 exclusive de la Galerie du Lendemain et des artistes pr\u00e9sent\u00e9s.<br \/>\n\u00c0 cet effet, il est interdit de reproduire sous quelque forme que ce soit, en totalit\u00e9 ou partiellement, de t\u00e9l\u00e9charger, de vendre, de distribuer, de publier ou encore de communiquer les \u00e9l\u00e9ments composant le pr\u00e9sent site sauf autorisation \u00e9crite du responsable de la publication. Tout contrevenant \u00e0 cette protection fera l\u2019objet de poursuites.<\/p>\n<p>Copyright \u00a9 2020 Galerie du Lendemain et les artistes, tous droits r\u00e9serv\u00e9s.<\/p>\n<p><strong>Donn\u00e9es personnelles et cookies<br \/>\n<\/strong>Conform\u00e9ment \u00e0 la loi Informatique et Libert\u00e9s du 6 janvier 1978 ; article 34 de la loi n\u00b078-17 ; vous disposez d\u2019un droit d\u2019acc\u00e8s et de rectification aux donn\u00e9es vous concernant. Si vous ne le souhaitez pas, il vous suffit de nous \u00e9crire en nous indiquant votre nom, pr\u00e9nom, email et adresse. Les informations nominatives demand\u00e9es peuvent \u00eatre communiqu\u00e9es \u00e0 des tiers en relations li\u00e9s par un engagement de confidentialit\u00e9, notamment au fournisseur d\u2019acc\u00e8s sur internet conform\u00e9ment \u00e0 la loi.<br \/>\nEn vertu de la loi n\u00b02000-719 du 1er ao\u00fbt 2000, les coordonn\u00e9es d\u00e9clar\u00e9es par l\u2019utilisateur pourront \u00eatre communiqu\u00e9es sur r\u00e9quisition des autorit\u00e9s judiciaires.<br \/>\nIl est donn\u00e9 la possibilit\u00e9 \u00e0 l\u2019utilisateur de divulguer son adresse \u00e9lectronique dans le but de recevoir la newsletter mise en place afin de tenir inform\u00e9s les utilisateurs des actualit\u00e9s de la galerie. Les emails collect\u00e9s sont destin\u00e9s \u00e0 la Galerie du Lendemain, qui les garde en m\u00e9moire informatique afin d\u2019assurer l\u2019envoi des newsletters. Ces informations ne seront en aucun cas transmises \u00e0 des tiers.<br \/>\nNous utilisons des cookies dans le cadre exclusif de mesures d\u2019audience, pour \u00e9tablir notamment des statistiques sur les visite de ce site.<br \/>\nCes cookies sont destin\u00e9s \u00e0 \u00e9tablir la volum\u00e9trie et \u00e9tablir des statistiques de fr\u00e9quentation du site.<br \/>\nVous pouvez \u00e0 tout moment modifier vos souhaits concernant le d\u00e9p\u00f4t de cookies via le param\u00e9trage de votre navigateur internet.<br \/>\nAinsi, vous pouvez exiger que les informations vous concernant soient rectifi\u00e9es, compl\u00e9t\u00e9es, clarifi\u00e9es, mises \u00e0 jour ou effac\u00e9es. Vous pouvez faire exercer ce droit aupr\u00e8s de la galerie.[\/vc_column_text][\/vc_column][vc_column column_padding=&#8221;no-extra-padding&#8221; column_padding_tablet=&#8221;inherit&#8221; column_padding_phone=&#8221;inherit&#8221; column_padding_position=&#8221;all&#8221; background_color_opacity=&#8221;1&#8243; background_hover_color_opacity=&#8221;1&#8243; column_shadow=&#8221;none&#8221; column_border_radius=&#8221;none&#8221; column_link_target=&#8221;_self&#8221; gradient_direction=&#8221;left_to_right&#8221; overlay_strength=&#8221;0.3&#8243; width=&#8221;1\/5&#8243; tablet_width_inherit=&#8221;default&#8221; tablet_text_alignment=&#8221;default&#8221; phone_text_alignment=&#8221;default&#8221; column_border_width=&#8221;none&#8221; column_border_style=&#8221;solid&#8221; bg_image_animation=&#8221;none&#8221;][\/vc_column][\/vc_row]\n","protected":false},"excerpt":{"rendered":"<p>[vc_row type=&#8221;in_container&#8221; full_screen_row_position=&#8221;middle&#8221; column_margin=&#8221;default&#8221; column_direction=&#8221;default&#8221; column_direction_tablet=&#8221;default&#8221; column_direction_phone=&#8221;default&#8221; scene_position=&#8221;center&#8221; text_color=&#8221;dark&#8221; text_align=&#8221;left&#8221; row_border_radius=&#8221;none&#8221; row_border_radius_applies=&#8221;bg&#8221; overlay_strength=&#8221;0.3&#8243; gradient_direction=&#8221;left_to_right&#8221; shape_divider_position=&#8221;bottom&#8221; bg_image_animation=&#8221;none&#8221;][vc_column column_padding=&#8221;no-extra-padding&#8221; column_padding_tablet=&#8221;inherit&#8221; column_padding_phone=&#8221;inherit&#8221; column_padding_position=&#8221;all&#8221; background_color_opacity=&#8221;1&#8243; background_hover_color_opacity=&#8221;1&#8243; column_shadow=&#8221;none&#8221; column_border_radius=&#8221;none&#8221; column_link_target=&#8221;_self&#8221; gradient_direction=&#8221;left_to_right&#8221; overlay_strength=&#8221;0.3&#8243; width=&#8221;1\/5&#8243; tablet_width_inherit=&#8221;default&#8221; tablet_text_alignment=&#8221;default&#8221;&#8230;<\/p>\n","protected":false},"author":1,"featured_media":0,"parent":0,"menu_order":99999,"comment_status":"closed","ping_status":"closed","template":"","meta":{"_acf_changed":false,"footnotes":""},"class_list":["post-1933","page","type-page","status-publish"],"acf":[],"yoast_head":"<!-- This site is optimized with the Yoast SEO plugin v27.2 - https:\/\/yoast.com\/product\/yoast-seo-wordpress\/ -->\n<title>Legal notices - Galerie du lendemain<\/title>\n<meta name=\"robots\" content=\"noindex, follow, max-snippet:-1, max-image-preview:large, max-video-preview:-1\" \/>\n<meta property=\"og:locale\" content=\"en_US\" \/>\n<meta property=\"og:type\" content=\"article\" \/>\n<meta property=\"og:title\" content=\"Legal notices - Galerie du lendemain\" \/>\n<meta property=\"og:description\" content=\"[vc_row type=&#8221;in_container&#8221; full_screen_row_position=&#8221;middle&#8221; column_margin=&#8221;default&#8221; column_direction=&#8221;default&#8221; column_direction_tablet=&#8221;default&#8221; column_direction_phone=&#8221;default&#8221; scene_position=&#8221;center&#8221; text_color=&#8221;dark&#8221; text_align=&#8221;left&#8221; row_border_radius=&#8221;none&#8221; row_border_radius_applies=&#8221;bg&#8221; overlay_strength=&#8221;0.3&#8243; gradient_direction=&#8221;left_to_right&#8221; shape_divider_position=&#8221;bottom&#8221; bg_image_animation=&#8221;none&#8221;][vc_column column_padding=&#8221;no-extra-padding&#8221; column_padding_tablet=&#8221;inherit&#8221; column_padding_phone=&#8221;inherit&#8221; column_padding_position=&#8221;all&#8221; background_color_opacity=&#8221;1&#8243; background_hover_color_opacity=&#8221;1&#8243; column_shadow=&#8221;none&#8221; column_border_radius=&#8221;none&#8221; column_link_target=&#8221;_self&#8221; gradient_direction=&#8221;left_to_right&#8221; overlay_strength=&#8221;0.3&#8243; width=&#8221;1\/5&#8243; tablet_width_inherit=&#8221;default&#8221; tablet_text_alignment=&#8221;default&#8221;...\" \/>\n<meta property=\"og:url\" content=\"https:\/\/dev.galeriedulendemain.com\/en\/legal-notices\/\" \/>\n<meta property=\"og:site_name\" content=\"Galerie du lendemain\" \/>\n<meta property=\"article:modified_time\" content=\"2021-02-12T09:44:14+00:00\" \/>\n<meta name=\"twitter:card\" content=\"summary_large_image\" \/>\n<meta name=\"twitter:label1\" content=\"Est. reading time\" \/>\n\t<meta name=\"twitter:data1\" content=\"3 minutes\" \/>\n<script type=\"application\/ld+json\" class=\"yoast-schema-graph\">{\"@context\":\"https:\/\/schema.org\",\"@graph\":[{\"@type\":\"WebPage\",\"@id\":\"https:\/\/dev.galeriedulendemain.com\/en\/legal-notices\/\",\"url\":\"https:\/\/dev.galeriedulendemain.com\/en\/legal-notices\/\",\"name\":\"Legal notices - Galerie du lendemain\",\"isPartOf\":{\"@id\":\"https:\/\/dev.galeriedulendemain.com\/en\/#website\"},\"datePublished\":\"2020-12-01T11:38:26+00:00\",\"dateModified\":\"2021-02-12T09:44:14+00:00\",\"breadcrumb\":{\"@id\":\"https:\/\/dev.galeriedulendemain.com\/en\/legal-notices\/#breadcrumb\"},\"inLanguage\":\"en-US\",\"potentialAction\":[{\"@type\":\"ReadAction\",\"target\":[\"https:\/\/dev.galeriedulendemain.com\/en\/legal-notices\/\"]}]},{\"@type\":\"BreadcrumbList\",\"@id\":\"https:\/\/dev.galeriedulendemain.com\/en\/legal-notices\/#breadcrumb\",\"itemListElement\":[{\"@type\":\"ListItem\",\"position\":1,\"name\":\"Home\",\"item\":\"https:\/\/dev.galeriedulendemain.com\/en\/\"},{\"@type\":\"ListItem\",\"position\":2,\"name\":\"Legal notices\"}]},{\"@type\":\"WebSite\",\"@id\":\"https:\/\/dev.galeriedulendemain.com\/en\/#website\",\"url\":\"https:\/\/dev.galeriedulendemain.com\/en\/\",\"name\":\"Galerie du lendemain\",\"description\":\"Un site utilisant WordPress\",\"potentialAction\":[{\"@type\":\"SearchAction\",\"target\":{\"@type\":\"EntryPoint\",\"urlTemplate\":\"https:\/\/dev.galeriedulendemain.com\/en\/?s={search_term_string}\"},\"query-input\":{\"@type\":\"PropertyValueSpecification\",\"valueRequired\":true,\"valueName\":\"search_term_string\"}}],\"inLanguage\":\"en-US\"}]}<\/script>\n<!-- \/ Yoast SEO plugin. -->","yoast_head_json":{"title":"Legal notices - Galerie du lendemain","robots":{"index":"noindex","follow":"follow","max-snippet":"max-snippet:-1","max-image-preview":"max-image-preview:large","max-video-preview":"max-video-preview:-1"},"og_locale":"en_US","og_type":"article","og_title":"Legal notices - Galerie du lendemain","og_description":"[vc_row type=&#8221;in_container&#8221; full_screen_row_position=&#8221;middle&#8221; column_margin=&#8221;default&#8221; column_direction=&#8221;default&#8221; column_direction_tablet=&#8221;default&#8221; column_direction_phone=&#8221;default&#8221; scene_position=&#8221;center&#8221; text_color=&#8221;dark&#8221; text_align=&#8221;left&#8221; row_border_radius=&#8221;none&#8221; row_border_radius_applies=&#8221;bg&#8221; overlay_strength=&#8221;0.3&#8243; gradient_direction=&#8221;left_to_right&#8221; shape_divider_position=&#8221;bottom&#8221; bg_image_animation=&#8221;none&#8221;][vc_column column_padding=&#8221;no-extra-padding&#8221; column_padding_tablet=&#8221;inherit&#8221; column_padding_phone=&#8221;inherit&#8221; column_padding_position=&#8221;all&#8221; background_color_opacity=&#8221;1&#8243; background_hover_color_opacity=&#8221;1&#8243; column_shadow=&#8221;none&#8221; column_border_radius=&#8221;none&#8221; column_link_target=&#8221;_self&#8221; gradient_direction=&#8221;left_to_right&#8221; overlay_strength=&#8221;0.3&#8243; width=&#8221;1\/5&#8243; tablet_width_inherit=&#8221;default&#8221; tablet_text_alignment=&#8221;default&#8221;...","og_url":"https:\/\/dev.galeriedulendemain.com\/en\/legal-notices\/","og_site_name":"Galerie du lendemain","article_modified_time":"2021-02-12T09:44:14+00:00","twitter_card":"summary_large_image","twitter_misc":{"Est. reading time":"3 minutes"},"schema":{"@context":"https:\/\/schema.org","@graph":[{"@type":"WebPage","@id":"https:\/\/dev.galeriedulendemain.com\/en\/legal-notices\/","url":"https:\/\/dev.galeriedulendemain.com\/en\/legal-notices\/","name":"Legal notices - Galerie du lendemain","isPartOf":{"@id":"https:\/\/dev.galeriedulendemain.com\/en\/#website"},"datePublished":"2020-12-01T11:38:26+00:00","dateModified":"2021-02-12T09:44:14+00:00","breadcrumb":{"@id":"https:\/\/dev.galeriedulendemain.com\/en\/legal-notices\/#breadcrumb"},"inLanguage":"en-US","potentialAction":[{"@type":"ReadAction","target":["https:\/\/dev.galeriedulendemain.com\/en\/legal-notices\/"]}]},{"@type":"BreadcrumbList","@id":"https:\/\/dev.galeriedulendemain.com\/en\/legal-notices\/#breadcrumb","itemListElement":[{"@type":"ListItem","position":1,"name":"Home","item":"https:\/\/dev.galeriedulendemain.com\/en\/"},{"@type":"ListItem","position":2,"name":"Legal notices"}]},{"@type":"WebSite","@id":"https:\/\/dev.galeriedulendemain.com\/en\/#website","url":"https:\/\/dev.galeriedulendemain.com\/en\/","name":"Galerie du lendemain","description":"Un site utilisant WordPress","potentialAction":[{"@type":"SearchAction","target":{"@type":"EntryPoint","urlTemplate":"https:\/\/dev.galeriedulendemain.com\/en\/?s={search_term_string}"},"query-input":{"@type":"PropertyValueSpecification","valueRequired":true,"valueName":"search_term_string"}}],"inLanguage":"en-US"}]}},"_links":{"self":[{"href":"https:\/\/dev.galeriedulendemain.com\/en\/wp-json\/wp\/v2\/pages\/1933","targetHints":{"allow":["GET"]}}],"collection":[{"href":"https:\/\/dev.galeriedulendemain.com\/en\/wp-json\/wp\/v2\/pages"}],"about":[{"href":"https:\/\/dev.galeriedulendemain.com\/en\/wp-json\/wp\/v2\/types\/page"}],"author":[{"embeddable":true,"href":"https:\/\/dev.galeriedulendemain.com\/en\/wp-json\/wp\/v2\/users\/1"}],"replies":[{"embeddable":true,"href":"https:\/\/dev.galeriedulendemain.com\/en\/wp-json\/wp\/v2\/comments?post=1933"}],"version-history":[{"count":4,"href":"https:\/\/dev.galeriedulendemain.com\/en\/wp-json\/wp\/v2\/pages\/1933\/revisions"}],"predecessor-version":[{"id":2227,"href":"https:\/\/dev.galeriedulendemain.com\/en\/wp-json\/wp\/v2\/pages\/1933\/revisions\/2227"}],"wp:attachment":[{"href":"https:\/\/dev.galeriedulendemain.com\/en\/wp-json\/wp\/v2\/media?parent=1933"}],"curies":[{"name":"wp","href":"https:\/\/api.w.org\/{rel}","templated":true}]}}